{"id":1034,"date":"2018-10-30T16:00:56","date_gmt":"2018-10-30T15:00:56","guid":{"rendered":"http:\/\/adice.neoweb.fr\/politique-confidentialite\/"},"modified":"2018-11-14T17:05:13","modified_gmt":"2018-11-14T16:05:13","slug":"privacy-policy","status":"publish","type":"page","link":"https:\/\/adice.asso.fr\/en\/privacy-policy\/","title":{"rendered":"Privacy policy"},"content":{"rendered":"<h3><strong>Donn\u00e9es nominatives ou \u00e0 caract\u00e8re personnel<\/strong><\/h3>\n<p>Les utilisateurs sont parfois invit\u00e9s \u00e0 fournir \u00e0 adice.asso.fr\u00a0donn\u00e9es nominatives, c\u2019est \u00e0 dire certaines informations \u00e0 caract\u00e8re personnel. Ils sont express\u00e9ment avertis qu\u2019ils n\u2019ont aucune obligation de r\u00e9pondre aux questions qui leur sont pos\u00e9es. En outre, chaque questionnaire mentionne le caract\u00e8re imp\u00e9ratif des r\u00e9ponses pour obtenir la fourniture du service demand\u00e9.<\/p>\n<p>Le traitement automatis\u00e9 par adice.asso.fr\u00a0des donn\u00e9es nominatives fournies par l\u2019utilisateur est conditionn\u00e9 \u00e0 l\u2019accord express et ponctuel de ce dernier. Ces donn\u00e9es nominatives ne sont jamais transf\u00e9r\u00e9es \u00e0 des tiers par adice.asso.fr.<\/p>\n<p>Les informations collect\u00e9es sur le site adice.asso.fr sont utilis\u00e9es uniquement dans le cadre l\u00e9gal pr\u00e9vu en France pour le respect de la vie priv\u00e9e. L\u2019Avise est le destinataire des donn\u00e9es. Conform\u00e9ment \u00e0 la loi \u00ab informatique et libert\u00e9s \u00bb du 6 janvier 1978 modifi\u00e9e, vous b\u00e9n\u00e9ficiez d\u2019un droit d\u2019acc\u00e8s, de rectification, de suppression des informations qui vous concernent, que vous pouvez exercer en vous adressant \u00e0\u00a0<a class=\"encrypted-email\" href=\"mailto:adice@adice.asso.fr\">adice@adice.asso.fr<\/a><\/p>\n<h3>\u00a0<strong>Liens hypertextes<\/strong><\/h3>\n<p>Le contenu mis \u00e0 disposition sur adice.asso.fr\u00a0est fourni \u00e0 titre informatif. L\u2019existence d\u2019un lien vers un autre site ne constitue pas une validation de ce dernier ou de son contenu par adice.asso.fr\u00a0qui ne saurait donc \u00eatre tenu pour responsable.<\/p>\n<h3><strong>Propri\u00e9t\u00e9<\/strong><\/h3>\n<p>L\u2019ensemble de ce site est r\u00e9gi par la l\u00e9gislation fran\u00e7aise sur le droit d\u2019auteur et la propri\u00e9t\u00e9 intellectuelle. Le contenu du site, incluant, de fa\u00e7on non limitative, les images, graphismes, textes, vid\u00e9os, logos, et ic\u00f4nes sont la propri\u00e9t\u00e9 exclusive de l\u2019ADICE \u00e0 l\u2019exception des marques, logos ou contenus appartenant \u00e0 d\u2019autres entreprises ou organisations partenaires ou auteurs.<\/p>\n<p>La reproduction, la repr\u00e9sentation, le transfert, la distribution, ou l\u2019enregistrement de tout ou partie de ces \u00e9l\u00e9ments sont formellement interdits sans l\u2019autorisation expresse de l\u2019ADICE.<\/p>\n<h3><strong>Cookies<\/strong><\/h3>\n<p>Afin d\u2019am\u00e9liorer et de personnaliser la navigation, des cookies peuvent \u00eatre d\u00e9pos\u00e9s sur votre ordinateur. Vous pouvez choisir de refuser ces cookies en param\u00e9trant votre navigateur. Pour en savoir plus sur le fonctionnement des cookies, nous vous invitons \u00e0\u00a0<a title=\"CNIL Cookies\" href=\"http:\/\/www.cnil.fr\/vos-libertes\/vos-traces\/les-cookies\/\" target=\"_blank\" rel=\"noopener noreferrer\">lire cette page sur le site de la CNIL<\/a>.<\/p>\n<h3><strong>L\u00e9gislation applicable<\/strong><\/h3>\n<p>Adice.asso.fr est soumis \u00e0 la l\u00e9gislation fran\u00e7aise. En cons\u00e9quence, dans l\u2019hypoth\u00e8se o\u00f9 certaines informations seraient consid\u00e9r\u00e9es comme ill\u00e9gales dans d\u2019autres pays, la responsabilit\u00e9 du site adice.asso.fr\u00a0ne pourrait \u00eatre engag\u00e9e, chaque utilisateur devant v\u00e9rifier la conformit\u00e9 du site \u00e0 la l\u00e9gislation du pays auquel il est mat\u00e9riellement et territorialement soumis.<\/p>\n","protected":false},"excerpt":{"rendered":"<p>Donn\u00e9es nominatives ou \u00e0 caract\u00e8re personnel Les utilisateurs sont parfois invit\u00e9s \u00e0 fournir \u00e0 adice.asso.fr\u00a0donn\u00e9es nominatives, c\u2019est \u00e0 dire certaines informations \u00e0 caract\u00e8re personnel. Ils sont express\u00e9ment avertis qu\u2019ils n\u2019ont aucune obligation de r\u00e9pondre aux questions qui leur sont pos\u00e9es. En outre, chaque questionnaire mentionne le caract\u00e8re imp\u00e9ratif des r\u00e9ponses pour obtenir la fourniture du&hellip;<\/p>\n","protected":false},"author":1,"featured_media":0,"parent":0,"menu_order":60,"comment_status":"closed","ping_status":"closed","template":"","meta":{"_acf_changed":false,"footnotes":""},"class_list":["post-1034","page","type-page","status-publish","hentry"],"acf":[],"_links":{"self":[{"href":"https:\/\/adice.asso.fr\/en\/wp-json\/wp\/v2\/pages\/1034","targetHints":{"allow":["GET"]}}],"collection":[{"href":"https:\/\/adice.asso.fr\/en\/wp-json\/wp\/v2\/pages"}],"about":[{"href":"https:\/\/adice.asso.fr\/en\/wp-json\/wp\/v2\/types\/page"}],"author":[{"embeddable":true,"href":"https:\/\/adice.asso.fr\/en\/wp-json\/wp\/v2\/users\/1"}],"replies":[{"embeddable":true,"href":"https:\/\/adice.asso.fr\/en\/wp-json\/wp\/v2\/comments?post=1034"}],"version-history":[{"count":1,"href":"https:\/\/adice.asso.fr\/en\/wp-json\/wp\/v2\/pages\/1034\/revisions"}],"predecessor-version":[{"id":1043,"href":"https:\/\/adice.asso.fr\/en\/wp-json\/wp\/v2\/pages\/1034\/revisions\/1043"}],"wp:attachment":[{"href":"https:\/\/adice.asso.fr\/en\/wp-json\/wp\/v2\/media?parent=1034"}],"curies":[{"name":"wp","href":"https:\/\/api.w.org\/{rel}","templated":true}]}}